{"id":7563,"date":"2026-04-27T17:40:21","date_gmt":"2026-04-27T15:40:21","guid":{"rendered":"https:\/\/untecandles.com\/?post_type=product&#038;p=7563"},"modified":"2026-05-07T13:21:13","modified_gmt":"2026-05-07T11:21:13","slug":"lampinu-virtenes-32-metri-50-spuldzites","status":"publish","type":"product","link":"https:\/\/untecandles.com\/lv\/shop\/lampinu-virtenes-32-metri-50-spuldzites\/","title":{"rendered":"Lampi\u0146u virtenes, 32 metri, 50 spuldz\u012btes. Pieejami 6gb"},"content":{"rendered":"<p>Iztur\u012bgas plastmasas lampi\u0146as. \u0112rti sasprau\u017eamas ar\u012b vair\u0101kas virtenes, kop\u0101 180metri.<\/p>","protected":false},"excerpt":{"rendered":"<p>Zelta sve\u010dturis, H-37cm, \u00d8-7,5cm<\/p>","protected":false},"featured_media":7648,"comment_status":"open","ping_status":"closed","template":"","meta":[],"product_brand":[],"product_cat":[130],"product_tag":[],"class_list":{"0":"post-7563","1":"product","2":"type-product","3":"status-publish","4":"has-post-thumbnail","6":"product_cat-rental","7":"pif-has-gallery","9":"first","10":"instock","11":"taxable","12":"shipping-taxable","13":"purchasable","14":"product-type-simple"},"jetpack_sharing_enabled":true,"_links":{"self":[{"href":"https:\/\/untecandles.com\/lv\/wp-json\/wp\/v2\/product\/7563","targetHints":{"allow":["GET"]}}],"collection":[{"href":"https:\/\/untecandles.com\/lv\/wp-json\/wp\/v2\/product"}],"about":[{"href":"https:\/\/untecandles.com\/lv\/wp-json\/wp\/v2\/types\/product"}],"replies":[{"embeddable":true,"href":"https:\/\/untecandles.com\/lv\/wp-json\/wp\/v2\/comments?post=7563"}],"wp:featuredmedia":[{"embeddable":true,"href":"https:\/\/untecandles.com\/lv\/wp-json\/wp\/v2\/media\/7648"}],"wp:attachment":[{"href":"https:\/\/untecandles.com\/lv\/wp-json\/wp\/v2\/media?parent=7563"}],"wp:term":[{"taxonomy":"product_brand","embeddable":true,"href":"https:\/\/untecandles.com\/lv\/wp-json\/wp\/v2\/product_brand?post=7563"},{"taxonomy":"product_cat","embeddable":true,"href":"https:\/\/untecandles.com\/lv\/wp-json\/wp\/v2\/product_cat?post=7563"},{"taxonomy":"product_tag","embeddable":true,"href":"https:\/\/untecandles.com\/lv\/wp-json\/wp\/v2\/product_tag?post=7563"}],"curies":[{"name":"wp","href":"https:\/\/api.w.org\/{rel}","templated":true}]}}