{"id":7542,"date":"2026-03-20T14:06:18","date_gmt":"2026-03-20T12:06:18","guid":{"rendered":"https:\/\/untecandles.com\/?post_type=product&#038;p=7542"},"modified":"2026-04-07T14:31:30","modified_gmt":"2026-04-07T12:31:30","slug":"zelta-svecturi-h-37cm-o75cm","status":"publish","type":"product","link":"https:\/\/untecandles.com\/lv\/shop\/zelta-svecturi-h-37cm-o75cm\/","title":{"rendered":"Zelta sve\u010dturi, H-37cm, \u00d87,5cm"},"content":{"rendered":"","protected":false},"excerpt":{"rendered":"<p>Zelta sve\u010dturis, H-37cm, \u00d8-7,5cm<\/p>","protected":false},"featured_media":7448,"comment_status":"open","ping_status":"closed","template":"","meta":[],"product_brand":[],"product_cat":[130],"product_tag":[],"class_list":{"0":"post-7542","1":"product","2":"type-product","3":"status-publish","4":"has-post-thumbnail","6":"product_cat-rental","7":"pif-has-gallery","9":"first","10":"instock","11":"taxable","12":"shipping-taxable","13":"purchasable","14":"product-type-simple"},"jetpack_sharing_enabled":true,"_links":{"self":[{"href":"https:\/\/untecandles.com\/lv\/wp-json\/wp\/v2\/product\/7542","targetHints":{"allow":["GET"]}}],"collection":[{"href":"https:\/\/untecandles.com\/lv\/wp-json\/wp\/v2\/product"}],"about":[{"href":"https:\/\/untecandles.com\/lv\/wp-json\/wp\/v2\/types\/product"}],"replies":[{"embeddable":true,"href":"https:\/\/untecandles.com\/lv\/wp-json\/wp\/v2\/comments?post=7542"}],"wp:featuredmedia":[{"embeddable":true,"href":"https:\/\/untecandles.com\/lv\/wp-json\/wp\/v2\/media\/7448"}],"wp:attachment":[{"href":"https:\/\/untecandles.com\/lv\/wp-json\/wp\/v2\/media?parent=7542"}],"wp:term":[{"taxonomy":"product_brand","embeddable":true,"href":"https:\/\/untecandles.com\/lv\/wp-json\/wp\/v2\/product_brand?post=7542"},{"taxonomy":"product_cat","embeddable":true,"href":"https:\/\/untecandles.com\/lv\/wp-json\/wp\/v2\/product_cat?post=7542"},{"taxonomy":"product_tag","embeddable":true,"href":"https:\/\/untecandles.com\/lv\/wp-json\/wp\/v2\/product_tag?post=7542"}],"curies":[{"name":"wp","href":"https:\/\/api.w.org\/{rel}","templated":true}]}}