{"id":7486,"date":"2026-03-20T11:14:41","date_gmt":"2026-03-20T09:14:41","guid":{"rendered":"https:\/\/untecandles.com\/?post_type=product&#038;p=7486"},"modified":"2026-03-20T13:47:50","modified_gmt":"2026-03-20T11:47:50","slug":"set-of-candles-smaragd-green-with-golden-shimmer","status":"publish","type":"product","link":"https:\/\/untecandles.com\/lv\/shop\/set-of-candles-smaragd-green-with-golden-shimmer\/","title":{"rendered":"Set of candles, smaragd green with golden shimmer"},"content":{"rendered":"","protected":false},"excerpt":{"rendered":"<p>1x Izm\u0113rs 45&#215;145 mm<\/p>\n<p>1x Izm\u0113rs 55&#215;100 mm<\/p>\n<p>1x Izm\u0113rs 65&#215;75 mm<\/p>\n<p>1x Izm\u0113rs 80&#215;60 mm<\/p>\n<p>1x Izm\u0113rs 65&#215;160 mm<\/p>\n<p>Sveces ar zelta sp\u012bdumu sniedz liel\u0101ku akcenta un svin\u012bguma noska\u0146u. Smaragdza\u013cas sveces interjer\u0101 ienes eleganci, svaigumu un izteiktu dabas kl\u0101tb\u016btnes saj\u016btu. T\u0101s ir vienlaikus gan stil\u012bgs akcents, gan noska\u0146as rad\u012bt\u0101js, kas pal\u012bdz telpai k\u013c\u016bt silt\u0101kai un vizu\u0101li bag\u0101t\u0101kai.<\/p>","protected":false},"featured_media":7498,"comment_status":"closed","ping_status":"closed","template":"","meta":[],"product_brand":[],"product_cat":[128],"product_tag":[],"class_list":{"0":"post-7486","1":"product","2":"type-product","3":"status-publish","4":"has-post-thumbnail","6":"product_cat-with-golden-shimmer","7":"pif-has-gallery","9":"first","10":"instock","11":"taxable","12":"shipping-taxable","13":"purchasable","14":"product-type-simple"},"jetpack_sharing_enabled":true,"_links":{"self":[{"href":"https:\/\/untecandles.com\/lv\/wp-json\/wp\/v2\/product\/7486","targetHints":{"allow":["GET"]}}],"collection":[{"href":"https:\/\/untecandles.com\/lv\/wp-json\/wp\/v2\/product"}],"about":[{"href":"https:\/\/untecandles.com\/lv\/wp-json\/wp\/v2\/types\/product"}],"replies":[{"embeddable":true,"href":"https:\/\/untecandles.com\/lv\/wp-json\/wp\/v2\/comments?post=7486"}],"wp:featuredmedia":[{"embeddable":true,"href":"https:\/\/untecandles.com\/lv\/wp-json\/wp\/v2\/media\/7498"}],"wp:attachment":[{"href":"https:\/\/untecandles.com\/lv\/wp-json\/wp\/v2\/media?parent=7486"}],"wp:term":[{"taxonomy":"product_brand","embeddable":true,"href":"https:\/\/untecandles.com\/lv\/wp-json\/wp\/v2\/product_brand?post=7486"},{"taxonomy":"product_cat","embeddable":true,"href":"https:\/\/untecandles.com\/lv\/wp-json\/wp\/v2\/product_cat?post=7486"},{"taxonomy":"product_tag","embeddable":true,"href":"https:\/\/untecandles.com\/lv\/wp-json\/wp\/v2\/product_tag?post=7486"}],"curies":[{"name":"wp","href":"https:\/\/api.w.org\/{rel}","templated":true}]}}