{"id":7099,"date":"2023-11-02T22:23:05","date_gmt":"2023-11-02T20:23:05","guid":{"rendered":"https:\/\/untecandles.com\/?post_type=product&#038;p=7099"},"modified":"2024-11-09T17:16:19","modified_gmt":"2024-11-09T15:16:19","slug":"set-of-candles-olive-with-golden-pattern","status":"publish","type":"product","link":"https:\/\/untecandles.com\/lv\/shop\/set-of-candles-olive-with-golden-pattern\/","title":{"rendered":"Sve\u010du komplekts, ol\u012bve ar zelta  rakstu"},"content":{"rendered":"","protected":false},"excerpt":{"rendered":"<p>1x Izm\u0113rs 45&#215;145 mm<\/p>\n<p>1x Izm\u0113rs 55&#215;100 mm<\/p>\n<p>1x Izm\u0113rs 65&#215;75 mm<\/p>\n<p>1x Izm\u0113rs 80&#215;60 mm<\/p>\n<p>1x Izm\u0113rs 65&#215;160 mm<\/p>\n<p>Svece k\u0101 m\u0101kslas darbs. Zelta raksts tiek veidots ar rok\u0101m, l\u012bdz ar to katra svece ir unik\u0101la. Ol\u012bvkr\u0101sas sveces ienes interjer\u0101 miera, l\u012bdzsvara un harmonijas saj\u016btu.<\/p>","protected":false},"featured_media":7067,"comment_status":"closed","ping_status":"closed","template":"","meta":[],"product_brand":[],"product_cat":[129],"product_tag":[],"class_list":{"0":"post-7099","1":"product","2":"type-product","3":"status-publish","4":"has-post-thumbnail","6":"product_cat-with-golden-pattern","7":"pif-has-gallery","9":"first","10":"instock","11":"taxable","12":"shipping-taxable","13":"purchasable","14":"product-type-simple"},"jetpack_sharing_enabled":true,"_links":{"self":[{"href":"https:\/\/untecandles.com\/lv\/wp-json\/wp\/v2\/product\/7099","targetHints":{"allow":["GET"]}}],"collection":[{"href":"https:\/\/untecandles.com\/lv\/wp-json\/wp\/v2\/product"}],"about":[{"href":"https:\/\/untecandles.com\/lv\/wp-json\/wp\/v2\/types\/product"}],"replies":[{"embeddable":true,"href":"https:\/\/untecandles.com\/lv\/wp-json\/wp\/v2\/comments?post=7099"}],"wp:featuredmedia":[{"embeddable":true,"href":"https:\/\/untecandles.com\/lv\/wp-json\/wp\/v2\/media\/7067"}],"wp:attachment":[{"href":"https:\/\/untecandles.com\/lv\/wp-json\/wp\/v2\/media?parent=7099"}],"wp:term":[{"taxonomy":"product_brand","embeddable":true,"href":"https:\/\/untecandles.com\/lv\/wp-json\/wp\/v2\/product_brand?post=7099"},{"taxonomy":"product_cat","embeddable":true,"href":"https:\/\/untecandles.com\/lv\/wp-json\/wp\/v2\/product_cat?post=7099"},{"taxonomy":"product_tag","embeddable":true,"href":"https:\/\/untecandles.com\/lv\/wp-json\/wp\/v2\/product_tag?post=7099"}],"curies":[{"name":"wp","href":"https:\/\/api.w.org\/{rel}","templated":true}]}}