{"id":5963,"date":"2022-05-30T19:01:04","date_gmt":"2022-05-30T17:01:04","guid":{"rendered":"https:\/\/untecandles.com\/?post_type=product&#038;p=5963"},"modified":"2023-12-05T17:58:56","modified_gmt":"2023-12-05T15:58:56","slug":"small-set-blueberry-silver","status":"publish","type":"product","link":"https:\/\/untecandles.com\/lv\/shop\/small-set-blueberry-silver\/","title":{"rendered":"Mazais komplekts \"Mellene\/Sudrabs\""},"content":{"rendered":"","protected":false},"excerpt":{"rendered":"<p>1x Izm\u0113rs 45\u00d7145 mm<br \/>\n1x Izm\u0113rs 55 x 100 mm<br \/>\n1x Izm\u0113rs 65\u00d775 mm<\/p>\n<p>Reiz\u0113s, kad sv\u0113tkiem gribas pie\u0161\u0137irt \u012bpa\u0161u noska\u0146u un gaisotni, lieliski der\u0113s sveces ar sudraba p\u0101rkl\u0101jumu.<\/p>","protected":false},"featured_media":6591,"comment_status":"closed","ping_status":"closed","template":"","meta":[],"product_brand":[],"product_cat":[128],"product_tag":[],"class_list":{"0":"post-5963","1":"product","2":"type-product","3":"status-publish","4":"has-post-thumbnail","6":"product_cat-with-golden-shimmer","8":"first","9":"instock","10":"taxable","11":"shipping-taxable","12":"purchasable","13":"product-type-simple"},"jetpack_sharing_enabled":true,"_links":{"self":[{"href":"https:\/\/untecandles.com\/lv\/wp-json\/wp\/v2\/product\/5963","targetHints":{"allow":["GET"]}}],"collection":[{"href":"https:\/\/untecandles.com\/lv\/wp-json\/wp\/v2\/product"}],"about":[{"href":"https:\/\/untecandles.com\/lv\/wp-json\/wp\/v2\/types\/product"}],"replies":[{"embeddable":true,"href":"https:\/\/untecandles.com\/lv\/wp-json\/wp\/v2\/comments?post=5963"}],"wp:featuredmedia":[{"embeddable":true,"href":"https:\/\/untecandles.com\/lv\/wp-json\/wp\/v2\/media\/6591"}],"wp:attachment":[{"href":"https:\/\/untecandles.com\/lv\/wp-json\/wp\/v2\/media?parent=5963"}],"wp:term":[{"taxonomy":"product_brand","embeddable":true,"href":"https:\/\/untecandles.com\/lv\/wp-json\/wp\/v2\/product_brand?post=5963"},{"taxonomy":"product_cat","embeddable":true,"href":"https:\/\/untecandles.com\/lv\/wp-json\/wp\/v2\/product_cat?post=5963"},{"taxonomy":"product_tag","embeddable":true,"href":"https:\/\/untecandles.com\/lv\/wp-json\/wp\/v2\/product_tag?post=5963"}],"curies":[{"name":"wp","href":"https:\/\/api.w.org\/{rel}","templated":true}]}}