{"id":7470,"date":"2026-03-19T14:36:17","date_gmt":"2026-03-19T12:36:17","guid":{"rendered":"https:\/\/untecandles.com\/?page_id=7470"},"modified":"2026-04-22T14:33:24","modified_gmt":"2026-04-22T12:33:24","slug":"masterclasses","status":"publish","type":"page","link":"https:\/\/untecandles.com\/lv\/masterclasses\/","title":{"rendered":"Meistarklases"},"content":{"rendered":"\t\t<div data-elementor-type=\"wp-page\" data-elementor-id=\"7470\" class=\"elementor elementor-7470\">\n\t\t\t\t\t\t<section class=\"elementor-section elementor-top-section elementor-element elementor-element-32d7e4d elementor-section-boxed elementor-section-height-default elementor-section-height-default\" data-id=\"32d7e4d\" data-element_type=\"section\" data-e-type=\"section\">\n\t\t\t\t\t\t<div class=\"elementor-container elementor-column-gap-default\">\n\t\t\t\t\t<div class=\"elementor-column elementor-col-100 elementor-top-column elementor-element elementor-element-edab2cb\" data-id=\"edab2cb\" data-element_type=\"column\" data-e-type=\"column\">\n\t\t\t<div class=\"elementor-widget-wrap elementor-element-populated\">\n\t\t\t\t\t\t<div class=\"elementor-element elementor-element-1c9dea4 elementor-widget elementor-widget-text-editor\" data-id=\"1c9dea4\" data-element_type=\"widget\" data-e-type=\"widget\" data-widget_type=\"text-editor.default\">\n\t\t\t\t<div class=\"elementor-widget-container\">\n\t\t\t\t\t\t\t\t\t<p>Latvietis ir rad\u012bt\u0101js un dar\u012bt\u0101js. Izveidot sav\u0101m rok\u0101m kaut ko palieko\u0161u, tas vienm\u0113r ir aizraujo\u0161i un \u012bpa\u0161i. Pied\u0101v\u0101jam sve\u010du lie\u0161anas meistarklases gan pirmsskolas vecuma b\u0113rniem, skol\u0113niem, k\u0101 ar\u012b darba kolekt\u012bviem, vai \u0123imenes, draugu komp\u0101nij\u0101m. M\u0113s izmantojam otrreiz p\u0101rkaus\u0113tu vasku no izdegu\u0161\u0101m svec\u0113m, l\u012bdz ar to katra svece k\u013c\u016bst par neatk\u0101rtojamu st\u0101stu. Iesp\u0113jams izveidot ar\u012b arom\u0101tisko sveci trauci\u0146\u0101. Procesa laik\u0101, kam\u0113r sveces saciet\u0113, m\u0113s dal\u0101mies sav\u0101 sve\u010du rad\u012b\u0161anas proces\u0101 un padomos sve\u010du dedzin\u0101\u0161an\u0101.<\/p><p>Papildus sve\u010du lie\u0161anai pie mums ir iesp\u0113jams svin\u0113t \u012bpa\u0161us dz\u012bves notikumus, k\u0101 ar\u012b stiprin\u0101t komandas garu uz\u0146\u0113mumu salied\u0113\u0161an\u0101s pas\u0101kumos.<\/p><p>Kopum\u0101 sve\u010du rad\u012b\u0161anas process aiz\u0146em aptuveni 2 stundas.<br \/>Nosl\u0113gum\u0101 j\u016bs sa\u0146emsiet savu unik\u0101li rad\u012bto sveci.<br \/>Pla\u0161\u0101ka inform\u0101cija un pieteik\u0161an\u0101s sve\u010du meistarklas\u0113m pa t\u0101lruni 26167184, 22011989 vai s\u016btot info uz e-pastu: linda [at]untecandles.com, vai rakstot \u0161eit zi\u0146u &#8211;\u00a0<a href=\"https:\/\/untecandles.com\/lv\/contacts\/\" target=\"_blank\" rel=\"noopener\">kontakti<\/a>.<\/p>\t\t\t\t\t\t\t\t<\/div>\n\t\t\t\t<\/div>\n\t\t\t\t<div class=\"elementor-element elementor-element-50a1e10 elementor-widget elementor-widget-image\" data-id=\"50a1e10\" data-element_type=\"widget\" data-e-type=\"widget\" data-widget_type=\"image.default\">\n\t\t\t\t<div class=\"elementor-widget-container\">\n\t\t\t\t\t\t\t\t\t\t\t\t\t\t\t<img fetchpriority=\"high\" decoding=\"async\" width=\"683\" height=\"1024\" src=\"https:\/\/untecandles.com\/wp-content\/uploads\/2026\/03\/IMG_3387-683x1024.jpg\" class=\"attachment-large size-large wp-image-7526\" alt=\"\" srcset=\"https:\/\/untecandles.com\/wp-content\/uploads\/2026\/03\/IMG_3387-683x1024.jpg 683w, https:\/\/untecandles.com\/wp-content\/uploads\/2026\/03\/IMG_3387-200x300.jpg 200w, https:\/\/untecandles.com\/wp-content\/uploads\/2026\/03\/IMG_3387-768x1152.jpg 768w, https:\/\/untecandles.com\/wp-content\/uploads\/2026\/03\/IMG_3387-1024x1536.jpg 1024w, https:\/\/untecandles.com\/wp-content\/uploads\/2026\/03\/IMG_3387-1365x2048.jpg 1365w, https:\/\/untecandles.com\/wp-content\/uploads\/2026\/03\/IMG_3387-8x12.jpg 8w, https:\/\/untecandles.com\/wp-content\/uploads\/2026\/03\/IMG_3387-400x600.jpg 400w, https:\/\/untecandles.com\/wp-content\/uploads\/2026\/03\/IMG_3387-600x900.jpg 600w, https:\/\/untecandles.com\/wp-content\/uploads\/2026\/03\/IMG_3387-scaled.jpg 1707w\" sizes=\"(max-width: 683px) 100vw, 683px\" \/>\t\t\t\t\t\t\t\t\t\t\t\t\t\t\t<\/div>\n\t\t\t\t<\/div>\n\t\t\t\t<div class=\"elementor-element elementor-element-7c022a8 elementor-widget elementor-widget-image\" data-id=\"7c022a8\" data-element_type=\"widget\" data-e-type=\"widget\" data-widget_type=\"image.default\">\n\t\t\t\t<div class=\"elementor-widget-container\">\n\t\t\t\t\t\t\t\t\t\t\t\t\t\t\t<img decoding=\"async\" width=\"778\" height=\"1024\" src=\"https:\/\/untecandles.com\/wp-content\/uploads\/2026\/03\/IMG_3421-778x1024.jpg\" class=\"attachment-large size-large wp-image-7530\" alt=\"\" srcset=\"https:\/\/untecandles.com\/wp-content\/uploads\/2026\/03\/IMG_3421-778x1024.jpg 778w, https:\/\/untecandles.com\/wp-content\/uploads\/2026\/03\/IMG_3421-228x300.jpg 228w, https:\/\/untecandles.com\/wp-content\/uploads\/2026\/03\/IMG_3421-768x1010.jpg 768w, https:\/\/untecandles.com\/wp-content\/uploads\/2026\/03\/IMG_3421-1167x1536.jpg 1167w, https:\/\/untecandles.com\/wp-content\/uploads\/2026\/03\/IMG_3421-1557x2048.jpg 1557w, https:\/\/untecandles.com\/wp-content\/uploads\/2026\/03\/IMG_3421-9x12.jpg 9w, https:\/\/untecandles.com\/wp-content\/uploads\/2026\/03\/IMG_3421-400x526.jpg 400w, https:\/\/untecandles.com\/wp-content\/uploads\/2026\/03\/IMG_3421-600x789.jpg 600w, https:\/\/untecandles.com\/wp-content\/uploads\/2026\/03\/IMG_3421-scaled.jpg 1946w\" sizes=\"(max-width: 778px) 100vw, 778px\" \/>\t\t\t\t\t\t\t\t\t\t\t\t\t\t\t<\/div>\n\t\t\t\t<\/div>\n\t\t\t\t\t<\/div>\n\t\t<\/div>\n\t\t\t\t\t<\/div>\n\t\t<\/section>\n\t\t\t\t<section class=\"elementor-section elementor-top-section elementor-element elementor-element-4376c15 elementor-section-boxed elementor-section-height-default elementor-section-height-default\" data-id=\"4376c15\" data-element_type=\"section\" data-e-type=\"section\">\n\t\t\t\t\t\t<div class=\"elementor-container elementor-column-gap-default\">\n\t\t\t\t\t<div class=\"elementor-column elementor-col-100 elementor-top-column elementor-element elementor-element-e2b3f7b\" data-id=\"e2b3f7b\" data-element_type=\"column\" data-e-type=\"column\">\n\t\t\t<div class=\"elementor-widget-wrap\">\n\t\t\t\t\t\t\t<\/div>\n\t\t<\/div>\n\t\t\t\t\t<\/div>\n\t\t<\/section>\n\t\t\t\t<section class=\"elementor-section elementor-top-section elementor-element elementor-element-4f9311f elementor-section-boxed elementor-section-height-default elementor-section-height-default\" data-id=\"4f9311f\" data-element_type=\"section\" data-e-type=\"section\">\n\t\t\t\t\t\t<div class=\"elementor-container elementor-column-gap-default\">\n\t\t\t\t\t<div class=\"elementor-column elementor-col-100 elementor-top-column elementor-element elementor-element-40045d6\" data-id=\"40045d6\" data-element_type=\"column\" data-e-type=\"column\">\n\t\t\t<div class=\"elementor-widget-wrap elementor-element-populated\">\n\t\t\t\t\t\t<div class=\"elementor-element elementor-element-2cd0fcb elementor-widget elementor-widget-text-editor\" data-id=\"2cd0fcb\" data-element_type=\"widget\" data-e-type=\"widget\" data-widget_type=\"text-editor.default\">\n\t\t\t\t<div class=\"elementor-widget-container\">\n\t\t\t\t\t\t\t\t\t<p>Lorem ipsum dolor sit amet, consectetur adipiscing elit. Ut elit tellus, luctus nec ullamcorper mattis, pulvinar dapibus leo.<\/p>\t\t\t\t\t\t\t\t<\/div>\n\t\t\t\t<\/div>\n\t\t\t\t\t<\/div>\n\t\t<\/div>\n\t\t\t\t\t<\/div>\n\t\t<\/section>\n\t\t\t\t<\/div>\n\t\t","protected":false},"excerpt":{"rendered":"<p>Latvietis ir rad\u012bt\u0101js un dar\u012bt\u0101js. Izveidot sav\u0101m rok\u0101m kaut ko palieko\u0161u, tas vienm\u0113r&hellip;<\/p>","protected":false},"author":45,"featured_media":0,"parent":0,"menu_order":0,"comment_status":"closed","ping_status":"closed","template":"","meta":{"footnotes":""},"class_list":["post-7470","page","type-page","status-publish","hentry"],"jetpack_sharing_enabled":true,"_links":{"self":[{"href":"https:\/\/untecandles.com\/lv\/wp-json\/wp\/v2\/pages\/7470","targetHints":{"allow":["GET"]}}],"collection":[{"href":"https:\/\/untecandles.com\/lv\/wp-json\/wp\/v2\/pages"}],"about":[{"href":"https:\/\/untecandles.com\/lv\/wp-json\/wp\/v2\/types\/page"}],"author":[{"embeddable":true,"href":"https:\/\/untecandles.com\/lv\/wp-json\/wp\/v2\/users\/45"}],"replies":[{"embeddable":true,"href":"https:\/\/untecandles.com\/lv\/wp-json\/wp\/v2\/comments?post=7470"}],"version-history":[{"count":20,"href":"https:\/\/untecandles.com\/lv\/wp-json\/wp\/v2\/pages\/7470\/revisions"}],"predecessor-version":[{"id":7560,"href":"https:\/\/untecandles.com\/lv\/wp-json\/wp\/v2\/pages\/7470\/revisions\/7560"}],"wp:attachment":[{"href":"https:\/\/untecandles.com\/lv\/wp-json\/wp\/v2\/media?parent=7470"}],"curies":[{"name":"wp","href":"https:\/\/api.w.org\/{rel}","templated":true}]}}