{"id":2781,"date":"2021-11-09T18:57:42","date_gmt":"2021-11-09T16:57:42","guid":{"rendered":"https:\/\/untecandles.com\/?page_id=2781"},"modified":"2022-08-16T14:16:00","modified_gmt":"2022-08-16T12:16:00","slug":"about-us","status":"publish","type":"page","link":"https:\/\/untecandles.com\/lv\/about-us\/","title":{"rendered":"Par Mums"},"content":{"rendered":"<div data-elementor-type=\"wp-page\" data-elementor-id=\"2781\" class=\"elementor elementor-2781\">\n\t\t\t\t\t\t<section class=\"elementor-section elementor-top-section elementor-element elementor-element-67efc6a6 elementor-section-boxed elementor-section-height-default elementor-section-height-default\" data-id=\"67efc6a6\" data-element_type=\"section\" data-e-type=\"section\">\n\t\t\t\t\t\t<div class=\"elementor-container elementor-column-gap-default\">\n\t\t\t\t\t<div class=\"elementor-column elementor-col-50 elementor-top-column elementor-element elementor-element-5b872cd\" data-id=\"5b872cd\" data-element_type=\"column\" data-e-type=\"column\">\n\t\t\t<div class=\"elementor-widget-wrap elementor-element-populated\">\n\t\t\t\t\t\t<div class=\"elementor-element elementor-element-65551e9e elementor-widget elementor-widget-text-editor\" data-id=\"65551e9e\" data-element_type=\"widget\" data-e-type=\"widget\" data-widget_type=\"text-editor.default\">\n\t\t\t\t<div class=\"elementor-widget-container\">\n\t\t\t\t\t\t\t\t\t\n<p class=\"has-onestore-color-8-color has-text-color\">Gadsimtus atpaka\u013c sveces biju\u0161as k\u0101 materi\u0101l\u0101s labkl\u0101j\u012bbas un tur\u012bbas paz\u012bme. M\u016bsdien\u0101s sveces izmanto, lai rad\u012btu m\u0101j\u012bgu, romantisku un svin\u012bgu noska\u0146u gan ikdien\u0101, gan \u012bpa\u0161os dz\u012bves br\u012b\u017eos. M\u0113s \u2013 Un:Te komanda redzam un nov\u0113rt\u0113jam skaistas un gaum\u012bgas lietas, t\u0101d\u0113\u013c esam rad\u012bju\u0161i sve\u010du ra\u017eotni, kur\u0101 atspogu\u013cojas m\u016bsu redz\u0113jums un saj\u016btas par skaisto. Ar savu darbu m\u0113s v\u0113lamies nodot miera un siltuma saj\u016btu katram, kur\u0161 nov\u0113rt\u0113 noska\u0146u un \u0161o mirkli.<\/p>\n\n\n\n<p class=\"has-onestore-color-8-color has-text-color\">SIA \u201cUn Te\u201d ir sve\u010du ra\u017eotne \u0136egum\u0101, kas specializ\u0113jas dizaina sve\u010du ra\u017eo\u0161an\u0101. Principi, uz kuriem balst\u0101mies ir minim\u0101lisms un kvalit\u0101te.<\/p>\n\n\n\n<p class=\"has-onestore-color-8-color has-text-color\">M\u016bsu ra\u017eot\u0101s sveces ir 100% roku darbs. Ra\u017eotas no paraf\u012bna un stear\u012bna, lakonisk\u0101 skandin\u0101vu dizain\u0101. Rustika sveces gatavo p\u0113c \u012bpa\u0161as tehnolo\u0123ijas, kas sveces virsmu padara mat\u0113tu un raupju, t\u0101d\u0101 vied\u0101 pie\u0161\u0137irot katrai svecei absol\u016bti unik\u0101lu izskatu, l\u012bdz ar to neviena svece nav identiski vien\u0101da.<\/p>\n\n\n\n<p class=\"has-onestore-color-8-color has-text-color\">M\u016bsu pievienot\u0101 v\u0113rt\u012bb\u0101 ir saj\u016btas rad\u012b\u0161ana par sveces iek\u013cau\u0161anu interjer\u0101. Sve\u010du pla\u0161ais kr\u0101su spektrs un lakoniskais stils \u013cauj papildin\u0101t gan modernu m\u016bsdienu interjeru, gan ar\u012b ieder\u0101s klasiska stila m\u0101jokl\u012b.<\/p>\n\n\n\n<blockquote class=\"wp-block-quote is-style-large is-layout-flow wp-block-quote-is-layout-flow\">\n<p><br \/>Imants Ziedonis ir teicis<\/p>\n\n<cite style=\"color:#000\"><em>Ir j\u0101b\u016bt t\u0101dai vietai, kur\u0101 tu atn\u0101c r\u016bpju pilns un p\u0113k\u0161\u0146i sirds ies\u0101pas no skaistuma.<\/em><\/cite><\/blockquote>\n\n\n\n<p class=\"has-onestore-color-8-color has-text-color\"><br \/><br \/>\u0160\u012b fr\u0101ze raksturo saj\u016btas, p\u0113c kur\u0101m ikdien\u0101 vad\u0101mies un str\u0101d\u0101jam.<\/p>\n\t\t\t\t\t\t\t\t<\/div>\n\t\t\t\t<\/div>\n\t\t\t\t\t<\/div>\n\t\t<\/div>\n\t\t\t\t<div class=\"elementor-column elementor-col-50 elementor-top-column elementor-element elementor-element-ecb9110\" data-id=\"ecb9110\" data-element_type=\"column\" data-e-type=\"column\">\n\t\t\t<div class=\"elementor-widget-wrap elementor-element-populated\">\n\t\t\t\t\t\t<div class=\"elementor-element elementor-element-ebbe8e8 animated-slow elementor-invisible elementor-widget elementor-widget-image\" data-id=\"ebbe8e8\" data-element_type=\"widget\" data-e-type=\"widget\" data-settings=\"{&quot;_animation&quot;:&quot;fadeIn&quot;}\" data-widget_type=\"image.default\">\n\t\t\t\t<div class=\"elementor-widget-container\">\n\t\t\t\t\t\t\t\t\t\t\t\t\t\t\t<img fetchpriority=\"high\" decoding=\"async\" width=\"768\" height=\"1152\" src=\"https:\/\/untecandles.com\/wp-content\/uploads\/2022\/08\/22.04.2022.-liela-formata-22-768x1152.jpg\" class=\"attachment-medium_large size-medium_large wp-image-6621\" alt=\"\" srcset=\"https:\/\/untecandles.com\/wp-content\/uploads\/2022\/08\/22.04.2022.-liela-formata-22-768x1152.jpg 768w, https:\/\/untecandles.com\/wp-content\/uploads\/2022\/08\/22.04.2022.-liela-formata-22-scaled-400x600.jpg 400w, https:\/\/untecandles.com\/wp-content\/uploads\/2022\/08\/22.04.2022.-liela-formata-22-600x900.jpg 600w, https:\/\/untecandles.com\/wp-content\/uploads\/2022\/08\/22.04.2022.-liela-formata-22-200x300.jpg 200w, https:\/\/untecandles.com\/wp-content\/uploads\/2022\/08\/22.04.2022.-liela-formata-22-683x1024.jpg 683w, https:\/\/untecandles.com\/wp-content\/uploads\/2022\/08\/22.04.2022.-liela-formata-22-1024x1536.jpg 1024w, https:\/\/untecandles.com\/wp-content\/uploads\/2022\/08\/22.04.2022.-liela-formata-22-1365x2048.jpg 1365w, https:\/\/untecandles.com\/wp-content\/uploads\/2022\/08\/22.04.2022.-liela-formata-22-8x12.jpg 8w, https:\/\/untecandles.com\/wp-content\/uploads\/2022\/08\/22.04.2022.-liela-formata-22-scaled.jpg 1707w\" sizes=\"(max-width: 768px) 100vw, 768px\" \/>\t\t\t\t\t\t\t\t\t\t\t\t\t\t\t<\/div>\n\t\t\t\t<\/div>\n\t\t\t\t\t<\/div>\n\t\t<\/div>\n\t\t\t\t\t<\/div>\n\t\t<\/section>\n\t\t\t\t<section class=\"elementor-section elementor-top-section elementor-element elementor-element-ce5c468 elementor-section-boxed elementor-section-height-default elementor-section-height-default\" data-id=\"ce5c468\" data-element_type=\"section\" data-e-type=\"section\">\n\t\t\t\t\t\t<div class=\"elementor-container elementor-column-gap-default\">\n\t\t\t\t\t<div class=\"elementor-column elementor-col-100 elementor-top-column elementor-element elementor-element-a5dd410\" data-id=\"a5dd410\" data-element_type=\"column\" data-e-type=\"column\">\n\t\t\t<div class=\"elementor-widget-wrap elementor-element-populated\">\n\t\t\t\t\t\t<div class=\"elementor-element elementor-element-c969393 animated-slow elementor-invisible elementor-widget elementor-widget-image\" data-id=\"c969393\" data-element_type=\"widget\" data-e-type=\"widget\" data-settings=\"{&quot;_animation&quot;:&quot;fadeIn&quot;}\" data-widget_type=\"image.default\">\n\t\t\t\t<div class=\"elementor-widget-container\">\n\t\t\t\t\t\t\t\t\t\t\t\t\t\t\t<img decoding=\"async\" width=\"768\" height=\"512\" src=\"https:\/\/untecandles.com\/wp-content\/uploads\/2022\/04\/IMG_2295-min-768x512.jpg\" class=\"attachment-medium_large size-medium_large wp-image-5363\" alt=\"\" srcset=\"https:\/\/untecandles.com\/wp-content\/uploads\/2022\/04\/IMG_2295-min-768x512.jpg 768w, https:\/\/untecandles.com\/wp-content\/uploads\/2022\/04\/IMG_2295-min-scaled-400x267.jpg 400w, https:\/\/untecandles.com\/wp-content\/uploads\/2022\/04\/IMG_2295-min-600x400.jpg 600w, https:\/\/untecandles.com\/wp-content\/uploads\/2022\/04\/IMG_2295-min-300x200.jpg 300w, https:\/\/untecandles.com\/wp-content\/uploads\/2022\/04\/IMG_2295-min-1024x683.jpg 1024w, https:\/\/untecandles.com\/wp-content\/uploads\/2022\/04\/IMG_2295-min-1536x1024.jpg 1536w, https:\/\/untecandles.com\/wp-content\/uploads\/2022\/04\/IMG_2295-min-2048x1365.jpg 2048w, https:\/\/untecandles.com\/wp-content\/uploads\/2022\/04\/IMG_2295-min-18x12.jpg 18w\" sizes=\"(max-width: 768px) 100vw, 768px\" \/>\t\t\t\t\t\t\t\t\t\t\t\t\t\t\t<\/div>\n\t\t\t\t<\/div>\n\t\t\t\t\t<\/div>\n\t\t<\/div>\n\t\t\t\t\t<\/div>\n\t\t<\/section>\n\t\t\t\t<\/div>","protected":false},"excerpt":{"rendered":"<p>Candles have been a sign of material prosperity and wealth for centuries. Candles&hellip;<\/p>","protected":false},"author":2,"featured_media":0,"parent":0,"menu_order":0,"comment_status":"closed","ping_status":"closed","template":"","meta":{"footnotes":""},"class_list":["post-2781","page","type-page","status-publish","hentry"],"jetpack_sharing_enabled":true,"_links":{"self":[{"href":"https:\/\/untecandles.com\/lv\/wp-json\/wp\/v2\/pages\/2781","targetHints":{"allow":["GET"]}}],"collection":[{"href":"https:\/\/untecandles.com\/lv\/wp-json\/wp\/v2\/pages"}],"about":[{"href":"https:\/\/untecandles.com\/lv\/wp-json\/wp\/v2\/types\/page"}],"author":[{"embeddable":true,"href":"https:\/\/untecandles.com\/lv\/wp-json\/wp\/v2\/users\/2"}],"replies":[{"embeddable":true,"href":"https:\/\/untecandles.com\/lv\/wp-json\/wp\/v2\/comments?post=2781"}],"version-history":[{"count":74,"href":"https:\/\/untecandles.com\/lv\/wp-json\/wp\/v2\/pages\/2781\/revisions"}],"predecessor-version":[{"id":6624,"href":"https:\/\/untecandles.com\/lv\/wp-json\/wp\/v2\/pages\/2781\/revisions\/6624"}],"wp:attachment":[{"href":"https:\/\/untecandles.com\/lv\/wp-json\/wp\/v2\/media?parent=2781"}],"curies":[{"name":"wp","href":"https:\/\/api.w.org\/{rel}","templated":true}]}}