{"id":1700,"date":"2021-03-04T02:52:37","date_gmt":"2021-03-04T02:52:37","guid":{"rendered":"http:\/\/onestore.local\/?page_id=1700"},"modified":"2022-06-10T16:26:27","modified_gmt":"2022-06-10T14:26:27","slug":"terms-and-conditions","status":"publish","type":"page","link":"https:\/\/untecandles.com\/lv\/terms-and-conditions\/","title":{"rendered":"Noteikumi un nosac\u012bjumi"},"content":{"rendered":"<div data-elementor-type=\"wp-page\" data-elementor-id=\"1700\" class=\"elementor elementor-1700\">\n\t\t\t\t\t\t<section class=\"elementor-section elementor-top-section elementor-element elementor-element-7505afbd elementor-section-boxed elementor-section-height-default elementor-section-height-default\" data-id=\"7505afbd\" data-element_type=\"section\" data-e-type=\"section\">\n\t\t\t\t\t\t<div class=\"elementor-container elementor-column-gap-default\">\n\t\t\t\t\t<div class=\"elementor-column elementor-col-100 elementor-top-column elementor-element elementor-element-741409b2\" data-id=\"741409b2\" data-element_type=\"column\" data-e-type=\"column\">\n\t\t\t<div class=\"elementor-widget-wrap elementor-element-populated\">\n\t\t\t\t\t\t<div class=\"elementor-element elementor-element-2eb82687 elementor-widget elementor-widget-text-editor\" data-id=\"2eb82687\" data-element_type=\"widget\" data-e-type=\"widget\" data-widget_type=\"text-editor.default\">\n\t\t\t\t<div class=\"elementor-widget-container\">\n\t\t\t\t\t\t\t\t\t<p><\/p>\n<p>Distances l\u012bgums<\/p>\n<p>\u0160is l\u012bgums tiek sl\u0113gts starp interneta tirdzniec\u012bbas vietn\u0113m untecandles.com \u012bpa\u0161nieku SIA \u201cUn Te\u201d, Re\u0123. Nr. 40203296361, (turpm\u0101k tekst\u0101 \u2013 P\u0101rdev\u0113js), un Pirc\u0113ju, kas izdara pas\u016bt\u012bjumu un veic pirkumu untecandles.com interneta tirdzniec\u012bbas vietn\u0113.<\/p>\n<p>&nbsp; &nbsp;Pirc\u0113js pas\u016bta, p\u0113rk un apmaks\u0101, bet P\u0101rdev\u0113js pieg\u0101d\u0101 un p\u0101rdod preces saska\u0146\u0101 ar \u0161\u012b l\u012bguma noteikumiem (turpm\u0101k tekst\u0101 saukts L\u012bgums).<br>&nbsp; &nbsp;Pirc\u0113js pas\u016bta Preces, aizpildot attiec\u012bgu pas\u016bt\u012bjuma formu P\u0101rdev\u0113ja m\u0101jas lap\u0101 untecandles.com veicot pas\u016bt\u012bjumu, Pirc\u0113js ap\u0146emas nor\u0101d\u012bt prec\u012bzu kontaktinform\u0101ciju. Par visiem ap\u0146emamaj\u0101m izmai\u0146\u0101m Pirc\u0113js ne v\u0113l\u0101k k\u0101 24 stundu laik\u0101 no pas\u016bt\u012bjuma apstiprin\u0101juma sa\u0146em\u0161anas br\u012b\u017ea inform\u0113t P\u0101rdev\u0113ju, rakstot e-pastu uz linda@untecandles.com . Pirc\u0113js ir par pareizu datu uzr\u0101d\u012b\u0161anu, ja nepiecie\u0161ams Preces pieg\u0101de netiek pieg\u0101d\u0101ta. Preces pas\u016bt\u012b\u0161anaa par Pirc\u0113ja pied\u0101v\u0101jumu P\u0101rdev\u0113jam nosl\u0113gt \u0161o Distances l\u012bgumu par pas\u016bt\u012bt\u0101ju Preces pieg\u0101di un par Pirc\u0113ja piekri\u0161anu ieg\u0101d\u0101ties pas\u016bt\u012bto Preci par nor\u0101d\u012bto cenu. Personas dati, kas attiecas uz pieg\u0101di, netiek nodoti tre\u0161ajai personai.<br>&nbsp; &nbsp;P\u0101rdev\u0113js veic Preces pieg\u0101de Pirc\u0113ja nor\u0101d\u012btaj\u0101 adres\u0113 saska\u0146\u0101 ar pieg\u0101des noteiktajiem tarifiem. Pirc\u0113js s\u016bt\u012b\u0161anas izdevumu un Pre\u010du apmaksu veic kop\u0101, pirms apstiprin\u0101juma sa\u0146em\u0161anas un Pre\u010du pieg\u0101des no P\u0101rdev\u0113ja. Pieg\u0101des cena iek\u013cauta r\u0113\u0137in\u0101.<br>Pas\u016bt\u012bjumus Pirc\u0113js var veikt 24 stundas diennakt\u012b, bet pas\u016bt\u012bjumu komplekt\u0113\u0161anu P\u0101rdev\u0113js veic: viens l\u012bdz tr\u012bs darbadienu laik\u0101 no pas\u016bt\u012bjuma sa\u0146em\u0161anas br\u012b\u017ea. P\u0101rdev\u0113js nosuta Pirc\u0113jam apstiprin\u0101jumu par pas\u016bt\u012bjuma pie\u0146em\u0161anu e-pasta veid\u0101. Ja Pirc\u0113js nesa\u0146em apstiprino\u0161u e-pastu, tad pas\u016bt\u012bjums nav pie\u0146emts. Pas\u016bt\u012bjuma komplekt\u0113\u0161ana uzs\u0101kta br\u012bd\u012b, kad ieskait\u012bta P\u0101rdev\u0113ja nauda tiek kont\u0101.<br>&nbsp; &nbsp;Pirc\u0113js var izmantot Latvijas Republikas Pat\u0113r\u0113t\u0101ju ties\u012bbu aizsardz\u012bbas likum\u0101 ietvert\u0101s ties\u012bbas un atpaka\u013c Preci 14 (\u010detrpadsmit) kalend\u0101ro dienu laik\u0101. Lai t\u0101 no str\u012bdus situ\u0101cij\u0101m, Preces sa\u0146em\u0161anas br\u012bd\u012b Pirc\u0113jam ir j\u0101p\u0101rliecin\u0101s vai atbilst pas\u016bt\u012bjumam (kr\u0101sa, preces nosaukums un citi parametri).<br>Gad\u012bjum\u0101, ja Preces ir sakomplekt\u0113tas neprec\u012bzi, Pirc\u0113jam ir ties\u012bbas Preci apmain\u012bt 14 (\u010detrpadsmit) dienu laik\u0101 , aizpildot atgrie\u0161anas veidlapu, kas izs\u016bt\u0101s uz epastu piepras\u012bjuma p\u0113c. Pieg\u0101des izdevumus iepriek\u0161 min\u0113taj\u0101 gad\u012bjum\u0101 sedz P\u0101rdev\u0113js.<br><span style=\"color: var( --e-global-color-text ); font-family: var( --e-global-typography-text-font-family ), Sans-serif; font-weight: var( --e-global-typography-text-font-weight ); letter-spacing: 0.8px;\"><br><\/span><\/p><p><span style=\"color: var( --e-global-color-text ); font-family: var( --e-global-typography-text-font-family ), Sans-serif; font-weight: var( --e-global-typography-text-font-weight ); letter-spacing: 0.8px;\">Ja Pirc\u0113js v\u0113las izmantot atteikuma ties\u012bbas, j\u0101\u0146em v\u0113r\u0101 \u0161\u0101di ieteikumi un nosac\u012bjumi:<\/span><br><\/p><p>7.1. Ja Pirc\u0113js v\u0113las izmantot atteikuma ties\u012bbas, j\u0101\u0146em v\u0113r\u0101 \u0161\u0101di ieteikumi un nosac\u012bjumi:<\/p>\n<p>7.2. Pirc\u0113jam ir pien\u0101kums un nesaboj\u0101t Preces ori\u0123in\u0101lo iepakojumu.<\/p>\n<p>7.3. Ja Pirc\u0113js v\u0113las izmantot atteikuma ties\u012bbas, t\u0101d\u0101 gad\u012bjum\u0101 tam ir j\u0101sazin\u0101s ar P\u0101rdev\u0113ju pa e-pastu linda@untecandles.com. Pirc\u0113js sa\u0146em no P\u0101rdev\u0113ja atteikuma veidlapas formu, kuru aizpilda un nos\u016bta P\u0101rdev\u0113jam uz iepriek\u0161min\u0113to e-pastu.<\/p>\n<p>7.4. S\u012bk\u0101ku inform\u0101ciju par to, kas ir distances l\u012bgums un atteikums, Pirc\u0113js var iepaz\u012bties ar sekojo\u0161\u0101m m\u0101jas lapas adres\u0113m: http:\/\/www.ptac.gov.lv<\/p>\n<p>7.5. Naudu par atgrie\u017eamo Preci P\u0101rdev\u0113js p\u0101rskaita uz Pirc\u0113ja nor\u0101d\u012bto bankas kontu atteikuma veidlap\u0101 14 (\u010detrpadsmit) kalend\u0101ro dienu laik\u0101 p\u0113c L\u012bguma izbeig\u0161anas un atteikuma veidlap\u0101 nor\u0101d\u012bt\u0101s Preces sa\u0146em\u0161anas P\u0101rdev\u0113ja noliktav\u0101 uz Pirc\u0113ja atteikumu.<\/p><p>7.6. Atgrie\u0161anas izdevumu sedz Pirc\u0113js.<\/p>\n<p>&nbsp; &nbsp;Vid\u0113jais pieg\u0101des laiks ir 2 (divas) l\u012bdz 6 (se\u0161as) darba dienas, ta\u010du ar\u012b preces \u012bpa\u0161\u012bbu (roku darbs) P\u0101rdev\u0113js patur ties\u012bbas Preci pieg\u0101de 2 (divu) kalend\u0101ra ned\u0113\u013cas laik\u0101, jo pieg\u0101des termi\u0146i var main\u012bties atkar\u012bb\u0101 no P\u0101rdev\u0113ja \u012bpa\u0161ajiem noteikumiem un Preces pieejam\u012bbas nolikt\u0101v\u0101.<br>&nbsp; &nbsp;Apmaksu par Preci Pirc\u0113js veic ar p\u0101rskait\u012bjumu uz SIA Un:Te konta numuru, kas nor\u0101d\u012bts priek\u0161apmaksas r\u0113\u0137in\u0101 vai ar bankas karti\/skaidr\u0101 naud\u0101 m\u016bsu veikal\u0101 (Ja izv\u0113l\u0113ts apmaksas veids to paredz). Visus pieg\u0101des izdevumus sedz Pirc\u0113js.<br>&nbsp; &nbsp;\u0160is L\u012bgums ir saska\u0146\u0101 ar Latvijas Republikas normat\u012bvajiem aktiem. Pirc\u0113js apliecina, ka ir iepaz\u012b\u0161an\u0101s ar \u0161o L\u012bguma noteikumiem un ap\u0146emas iev\u0113rot un pild\u012bt.<br>&nbsp; &nbsp;Pirc\u0113js tiek inform\u0113ts, ka P\u0101rdev\u0113jam ir ties\u012bbas jebkur\u0101 laik\u0101 vienpus\u0113ji main\u012bt \u0161o L\u012bguma noteikumus.<\/p>\n<p><\/p>\n<p><\/p>\n<p><\/p>\t\t\t\t\t\t\t\t<\/div>\n\t\t\t\t<\/div>\n\t\t\t\t\t<\/div>\n\t\t<\/div>\n\t\t\t\t\t<\/div>\n\t\t<\/section>\n\t\t\t\t<\/div>","protected":false},"excerpt":{"rendered":"<p>Distance contract This agreement is concluded between the Internet trading sites untecandles.com, the&hellip;<\/p>","protected":false},"author":2,"featured_media":0,"parent":0,"menu_order":0,"comment_status":"closed","ping_status":"closed","template":"","meta":{"footnotes":""},"class_list":["post-1700","page","type-page","status-publish","hentry"],"jetpack_sharing_enabled":true,"_links":{"self":[{"href":"https:\/\/untecandles.com\/lv\/wp-json\/wp\/v2\/pages\/1700","targetHints":{"allow":["GET"]}}],"collection":[{"href":"https:\/\/untecandles.com\/lv\/wp-json\/wp\/v2\/pages"}],"about":[{"href":"https:\/\/untecandles.com\/lv\/wp-json\/wp\/v2\/types\/page"}],"author":[{"embeddable":true,"href":"https:\/\/untecandles.com\/lv\/wp-json\/wp\/v2\/users\/2"}],"replies":[{"embeddable":true,"href":"https:\/\/untecandles.com\/lv\/wp-json\/wp\/v2\/comments?post=1700"}],"version-history":[{"count":17,"href":"https:\/\/untecandles.com\/lv\/wp-json\/wp\/v2\/pages\/1700\/revisions"}],"predecessor-version":[{"id":6418,"href":"https:\/\/untecandles.com\/lv\/wp-json\/wp\/v2\/pages\/1700\/revisions\/6418"}],"wp:attachment":[{"href":"https:\/\/untecandles.com\/lv\/wp-json\/wp\/v2\/media?parent=1700"}],"curies":[{"name":"wp","href":"https:\/\/api.w.org\/{rel}","templated":true}]}}