{"id":7113,"date":"2023-11-02T23:20:24","date_gmt":"2023-11-02T21:20:24","guid":{"rendered":"https:\/\/untecandles.com\/?post_type=product&#038;p=7113"},"modified":"2023-11-07T22:52:15","modified_gmt":"2023-11-07T20:52:15","slug":"set-of-candles-with-golden-shimmer-3","status":"publish","type":"product","link":"https:\/\/untecandles.com\/en_us\/shop\/set-of-candles-with-golden-shimmer-3\/","title":{"rendered":"Set of candles, latte with golden shimmer"},"content":{"rendered":"","protected":false},"excerpt":{"rendered":"<p>1x Izm\u0113rs 45&#215;145 mm<\/p>\n<p>1x Izm\u0113rs 55&#215;100 mm<\/p>\n<p>1x Izm\u0113rs 65&#215;75 mm<\/p>\n<p>1x Izm\u0113rs 80&#215;60 mm<\/p>\n<p>1x Izm\u0113rs 65&#215;160 mm<\/p>\n<p>Sveces ar zelta sp\u012bdumu sniedz liel\u0101ku akcenta un svin\u012bguma noska\u0146u. Terracota kr\u0101sas sveces ienes vienk\u0101r\u0161\u012bbas, minim\u0101lisma un stabilit\u0101tes saj\u016btu.<\/p>\n","protected":false},"featured_media":7057,"comment_status":"closed","ping_status":"closed","template":"","meta":[],"product_brand":[],"product_cat":[128],"product_tag":[],"class_list":{"0":"post-7113","1":"product","2":"type-product","3":"status-publish","4":"has-post-thumbnail","6":"product_cat-with-golden-shimmer","7":"pif-has-gallery","9":"first","10":"instock","11":"taxable","12":"shipping-taxable","13":"purchasable","14":"product-type-simple"},"jetpack_sharing_enabled":true,"_links":{"self":[{"href":"https:\/\/untecandles.com\/en_us\/wp-json\/wp\/v2\/product\/7113","targetHints":{"allow":["GET"]}}],"collection":[{"href":"https:\/\/untecandles.com\/en_us\/wp-json\/wp\/v2\/product"}],"about":[{"href":"https:\/\/untecandles.com\/en_us\/wp-json\/wp\/v2\/types\/product"}],"replies":[{"embeddable":true,"href":"https:\/\/untecandles.com\/en_us\/wp-json\/wp\/v2\/comments?post=7113"}],"wp:featuredmedia":[{"embeddable":true,"href":"https:\/\/untecandles.com\/en_us\/wp-json\/wp\/v2\/media\/7057"}],"wp:attachment":[{"href":"https:\/\/untecandles.com\/en_us\/wp-json\/wp\/v2\/media?parent=7113"}],"wp:term":[{"taxonomy":"product_brand","embeddable":true,"href":"https:\/\/untecandles.com\/en_us\/wp-json\/wp\/v2\/product_brand?post=7113"},{"taxonomy":"product_cat","embeddable":true,"href":"https:\/\/untecandles.com\/en_us\/wp-json\/wp\/v2\/product_cat?post=7113"},{"taxonomy":"product_tag","embeddable":true,"href":"https:\/\/untecandles.com\/en_us\/wp-json\/wp\/v2\/product_tag?post=7113"}],"curies":[{"name":"wp","href":"https:\/\/api.w.org\/{rel}","templated":true}]}}