{"id":7110,"date":"2023-11-02T23:11:02","date_gmt":"2023-11-02T21:11:02","guid":{"rendered":"https:\/\/untecandles.com\/?post_type=product&#038;p=7110"},"modified":"2023-11-07T22:58:36","modified_gmt":"2023-11-07T20:58:36","slug":"set-of-candles-with-golden-shimmer-2","status":"publish","type":"product","link":"https:\/\/untecandles.com\/en_us\/shop\/set-of-candles-with-golden-shimmer-2\/","title":{"rendered":"Set of candles, salat with golden shimmer"},"content":{"rendered":"","protected":false},"excerpt":{"rendered":"<p>1x Izm\u0113rs 45&#215;145 mm<\/p>\n<p>1x Izm\u0113rs 55&#215;100 mm<\/p>\n<p>1x Izm\u0113rs 65&#215;75 mm<\/p>\n<p>1x Izm\u0113rs 80&#215;60 mm<\/p>\n<p>1x Izm\u0113rs 65&#215;160 mm<\/p>\n<p>Sveces ar zelta sp\u012bdumu sniedz liel\u0101ku akcenta un svin\u012bguma noska\u0146u. Gai\u0161i za\u013cas sveces ienes interjer\u0101 izaugsmes, apcer\u012bguma un pozit\u012bvu p\u0101rmai\u0146u saj\u016btu.<\/p>\n","protected":false},"featured_media":7076,"comment_status":"closed","ping_status":"closed","template":"","meta":[],"product_brand":[],"product_cat":[128],"product_tag":[],"class_list":{"0":"post-7110","1":"product","2":"type-product","3":"status-publish","4":"has-post-thumbnail","6":"product_cat-with-golden-shimmer","7":"pif-has-gallery","9":"first","10":"instock","11":"taxable","12":"shipping-taxable","13":"purchasable","14":"product-type-simple"},"jetpack_sharing_enabled":true,"_links":{"self":[{"href":"https:\/\/untecandles.com\/en_us\/wp-json\/wp\/v2\/product\/7110","targetHints":{"allow":["GET"]}}],"collection":[{"href":"https:\/\/untecandles.com\/en_us\/wp-json\/wp\/v2\/product"}],"about":[{"href":"https:\/\/untecandles.com\/en_us\/wp-json\/wp\/v2\/types\/product"}],"replies":[{"embeddable":true,"href":"https:\/\/untecandles.com\/en_us\/wp-json\/wp\/v2\/comments?post=7110"}],"wp:featuredmedia":[{"embeddable":true,"href":"https:\/\/untecandles.com\/en_us\/wp-json\/wp\/v2\/media\/7076"}],"wp:attachment":[{"href":"https:\/\/untecandles.com\/en_us\/wp-json\/wp\/v2\/media?parent=7110"}],"wp:term":[{"taxonomy":"product_brand","embeddable":true,"href":"https:\/\/untecandles.com\/en_us\/wp-json\/wp\/v2\/product_brand?post=7110"},{"taxonomy":"product_cat","embeddable":true,"href":"https:\/\/untecandles.com\/en_us\/wp-json\/wp\/v2\/product_cat?post=7110"},{"taxonomy":"product_tag","embeddable":true,"href":"https:\/\/untecandles.com\/en_us\/wp-json\/wp\/v2\/product_tag?post=7110"}],"curies":[{"name":"wp","href":"https:\/\/api.w.org\/{rel}","templated":true}]}}